{"id":3116,"date":"2022-02-05T06:58:11","date_gmt":"2022-02-05T06:58:11","guid":{"rendered":"https:\/\/pepasune.ro\/?page_id=3116"},"modified":"2023-03-12T13:27:23","modified_gmt":"2023-03-12T13:27:23","slug":"valorile-noastre","status":"publish","type":"page","link":"https:\/\/pepasune.ro\/index.php\/valorile-noastre\/","title":{"rendered":"Valori"},"content":{"rendered":"<p>[vc_row][vc_column width=&#8221;1\/4&#8243;][\/vc_column][vc_column width=&#8221;1\/2&#8243; css=&#8221;.vc_custom_1644051906553{background-position: center !important;background-repeat: no-repeat !important;background-size: contain !important;}&#8221;][vc_text_separator title=&#8221;Am \u00eenceput totul cu un scop foarte bine definit.&#8221;][vc_column_text]<\/p>\n<p style=\"text-align: left;\"><strong>\u00a0 \u00a0 \u00a0 \u00a0 \u00a0 \u00a0 \u00a0De a produce carne curat\u0103 &lt;f\u0103r\u0103 medicamente&gt;. Astfel, suntem \u00eencredin\u021ba\u021bi c\u0103 modul de cre\u0219tere, spa\u021biul de mi\u0219care \u0219i hrana au un impact puternic asupra s\u0103n\u0103t\u0103\u021bii \u0219i valorii nutri\u021bionale a c\u0103rnii.<\/strong><\/p>\n<p style=\"text-align: left;\"><strong>\u00a0<\/strong><\/p>\n<p style=\"text-align: left;\"><img loading=\"lazy\" decoding=\"async\" class=\" wp-image-3134 alignleft\" src=\"https:\/\/pepasune.ro\/wp-content\/uploads\/2022\/02\/jkjhg25-300x290.jpg\" alt=\"pui pe pasune\" width=\"308\" height=\"298\" srcset=\"https:\/\/pepasune.ro\/wp-content\/uploads\/2022\/02\/jkjhg25-300x290.jpg 300w, https:\/\/pepasune.ro\/wp-content\/uploads\/2022\/02\/jkjhg25-1024x989.jpg 1024w, https:\/\/pepasune.ro\/wp-content\/uploads\/2022\/02\/jkjhg25-768x742.jpg 768w, https:\/\/pepasune.ro\/wp-content\/uploads\/2022\/02\/jkjhg25-1536x1483.jpg 1536w, https:\/\/pepasune.ro\/wp-content\/uploads\/2022\/02\/jkjhg25-920x888.jpg 920w, https:\/\/pepasune.ro\/wp-content\/uploads\/2022\/02\/jkjhg25.jpg 1630w\" sizes=\"auto, (max-width: 308px) 100vw, 308px\" \/><\/p>\n<p style=\"text-align: left;\"><strong>\u00a0 \u00a0 \u00a0 \u00a0 \u00a0Energia noastr\u0103 de-a lungul ultimilor ani a fost \u00eendreptat\u0103 spre educa\u021bie, pentru a g\u0103si cea mai s\u0103n\u0103toas\u0103 alternativ\u0103.<\/strong><\/p>\n<p style=\"text-align: left;\"><strong>\u00a0 \u00a0 \u00a0 \u00a0 \u00a0Orice solu\u021bie am g\u0103sit, pentru a ne \u00eendeplini scopul de fiecare dat\u0103, am ajuns la aceea\u0219i concluzie: s<\/strong><strong>\u0103 ne \u00eentoarcem la natur\u0103! &#8230;Ea are Scopuri \u0219i Principii bine definite, trebuie doar observate \u0219i imitate. <\/strong><\/p>\n<p style=\"text-align: left;\">\u00a0 \u00a0 \u00a0 \u00a0 \u00a0Natura te \u00eenva\u021b\u0103 c\u0103, dac\u0103 dore\u0219ti s\u0103 prime\u0219ti, trebuie s\u0103 \u00eenve\u021bi s\u0103 d\u0103ruie\u0219ti. S\u0103-\u021bi dau un exemplu: prin mutarea zilnic\u0103 a cu\u0219tilor cu pui de g\u0103in\u0103, pe o suprafa\u021b\u0103 nou\u0103 neexploatat\u0103, atunci dejec\u021biile rezultate devin \u00eengr\u0103\u0219\u0103m\u00e2nt organic cu eliberare lent\u0103 pentru sol, iar iarba devine \u0219i mai s\u0103n\u0103toas\u0103 \u0219i nutritiv\u0103. Dac\u0103 nu am implementa deloc acest sistem de rotire a cu\u0219tilor, atunci cantitatea mare de dejec\u021bii pe un spa\u021biu redus ar arde iarba \u0219i ar strica structura natural\u0103 a solului din cauza cantit\u0103\u021bilor prea mari de amoniac, iar solul ar r\u0103m\u00e2ne f\u0103r\u0103 iarb\u0103, iar puii s-ar \u00eemboln\u0103vi.<\/p>\n<p style=\"text-align: left;\">\u00a0 \u00a0 \u00a0 \u00a0 \u00a0 To\u021bi pa\u0219ii nostri sunt orienta\u021bi c\u0103tre un scop bine definit, av\u00e2nd \u00een minte de fiecare dat\u0103 \u00eentrebarea:<\/p>\n<p>[\/vc_column_text][vc_text_separator title=&#8221;Care este solu\u021bia, astfel \u00eenc\u00e2t s\u0103n\u0103tatea s\u0103 primeze?&#8221;][vc_column_text]<\/p>\n<p style=\"text-align: left;\">\u00a0 \u00a0 \u00a0 \u00a0 \u00a0 Bun\u0103starea vie\u021bii se afl\u0103 \u00een st\u00e2ns\u0103 leg\u0103tur\u0103 de un corp s\u0103n\u0103tos. &#8220;E\u0219ti ceea ce m\u0103n\u00e2nci!&#8221; astfel fiecare dintre noi trebuie s\u0103 \u00ee\u0219i ia responsabilitate \u00een propriile m\u00e2ini \u0219i s\u0103 \u00ee\u0219i cure\u021be dieta. Valorile noastre la Ferma PeP\u0103\u0219une sunt de a cre\u0219te produse care vindec\u0103 \u0219i nu ne fur\u0103 s\u0103n\u0103tatea.<\/p>\n<p style=\"text-align: left;\">\u00a0 \u00a0 \u00a0 \u00a0 \u00a0 Cunoa\u0219te-\u021bi fermierul, pentru c\u0103 meri\u021bi o calitate de neegalat; c\u00e2nd societatea este orientat\u0103 spre profit, noi ne orient\u0103m spre calitate, iar produsele din ferma noastr\u0103 sunt superioare. Oferim transparen\u021b\u0103, cele mai bune practici de cre\u0219tere a animalelor, exploatarea corect\u0103 a terenului \u0219i a resurselor umane.<\/p>\n<p>[\/vc_column_text][\/vc_column][vc_column width=&#8221;1\/4&#8243;][\/vc_column][\/vc_row]<\/p>\n","protected":false},"excerpt":{"rendered":"<p>[vc_row][vc_column width=&#8221;1\/4&#8243;][\/vc_column][vc_column width=&#8221;1\/2&#8243; css=&#8221;.vc_custom_1644051906553{background-position: center !important;background-repeat: no-repeat !important;background-size: contain !important;}&#8221;][vc_text_separator title=&#8221;Am \u00eenceput totul cu un scop foarte bine definit.&#8221;][vc_column_text] \u00a0 \u00a0 \u00a0 \u00a0 \u00a0 \u00a0 \u00a0De a produce carne curat\u0103 &lt;f\u0103r\u0103 medicamente&gt;. Astfel, suntem \u00eencredin\u021ba\u021bi c\u0103 modul de cre\u0219tere, spa\u021biul de mi\u0219care \u0219i hrana au un impact puternic asupra s\u0103n\u0103t\u0103\u021bii \u0219i valorii nutri\u021bionale a c\u0103rnii. [&hellip;]<\/p>\n","protected":false},"author":1,"featured_media":0,"parent":0,"menu_order":0,"comment_status":"closed","ping_status":"closed","template":"","meta":{"_monsterinsights_skip_tracking":false,"_monsterinsights_sitenote_active":false,"_monsterinsights_sitenote_note":"","_monsterinsights_sitenote_category":0,"footnotes":""},"class_list":["post-3116","page","type-page","status-publish","hentry"],"_links":{"self":[{"href":"https:\/\/pepasune.ro\/index.php\/wp-json\/wp\/v2\/pages\/3116","targetHints":{"allow":["GET"]}}],"collection":[{"href":"https:\/\/pepasune.ro\/index.php\/wp-json\/wp\/v2\/pages"}],"about":[{"href":"https:\/\/pepasune.ro\/index.php\/wp-json\/wp\/v2\/types\/page"}],"author":[{"embeddable":true,"href":"https:\/\/pepasune.ro\/index.php\/wp-json\/wp\/v2\/users\/1"}],"replies":[{"embeddable":true,"href":"https:\/\/pepasune.ro\/index.php\/wp-json\/wp\/v2\/comments?post=3116"}],"version-history":[{"count":26,"href":"https:\/\/pepasune.ro\/index.php\/wp-json\/wp\/v2\/pages\/3116\/revisions"}],"predecessor-version":[{"id":3120,"href":"https:\/\/pepasune.ro\/index.php\/wp-json\/wp\/v2\/pages\/3116\/revisions\/3120"}],"wp:attachment":[{"href":"https:\/\/pepasune.ro\/index.php\/wp-json\/wp\/v2\/media?parent=3116"}],"curies":[{"name":"wp","href":"https:\/\/api.w.org\/{rel}","templated":true}]}}