{"id":3032,"date":"2022-02-01T17:01:21","date_gmt":"2022-02-01T17:01:21","guid":{"rendered":"https:\/\/pepasune.ro\/?page_id=3032"},"modified":"2023-03-12T13:19:11","modified_gmt":"2023-03-12T13:19:11","slug":"despre-noi","status":"publish","type":"page","link":"https:\/\/pepasune.ro\/index.php\/despre-noi\/","title":{"rendered":"Povestea noastr\u0103"},"content":{"rendered":"<p>[vc_row equal_height=&#8221;yes&#8221; content_placement=&#8221;middle&#8221;][vc_column width=&#8221;1\/2&#8243;][vc_row_inner][vc_column_inner width=&#8221;1\/6&#8243;][\/vc_column_inner][vc_column_inner width=&#8221;1\/6&#8243;][\/vc_column_inner][vc_column_inner width=&#8221;1\/6&#8243;][\/vc_column_inner][vc_column_inner width=&#8221;1\/2&#8243;][vc_column_text css=&#8221;.vc_custom_1678626295385{margin-top: px !important;}&#8221;]<\/p>\n<p class=\"oajrlxb2 g5ia77u1 qu0x051f esr5mh6w e9989ue4 r7d6kgcz rq0escxv nhd2j8a9 nc684nl6 p7hjln8o kvgmc6g5 cxmmr5t8 oygrvhab hcukyx3x jb3vyjys rz4wbd8a qt6c0cv9 a8nywdso i1ao9s8h esuyzwwr f1sip0of lzcic4wl gpro0wi8 oo9gr5id lrazzd5p\" style=\"text-align: left;\" tabindex=\"0\" role=\"button\"><strong>\u00a0 \u00a0 \u00a0 \u00a0 \u00a0\u0218tii de unde provine \u0219i cum a fost produs\u0103 m\u00e2ncarea din farfuria ta? Ce calitate a vie\u021bii au avut animalele, cu ce au fost hr\u0103nite sau dac\u0103 au fost injectate?<\/strong><\/p>\n<p class=\"oajrlxb2 g5ia77u1 qu0x051f esr5mh6w e9989ue4 r7d6kgcz rq0escxv nhd2j8a9 nc684nl6 p7hjln8o kvgmc6g5 cxmmr5t8 oygrvhab hcukyx3x jb3vyjys rz4wbd8a qt6c0cv9 a8nywdso i1ao9s8h esuyzwwr f1sip0of lzcic4wl gpro0wi8 oo9gr5id lrazzd5p\" style=\"text-align: left;\" tabindex=\"0\" role=\"button\">\u00a0 \u00a0 \u00a0 \u00a0 Noi credem c\u0103 este foarte important s\u0103 ai r\u0103spunsurile la aceste \u00eentreb\u0103ri.<\/p>\n<p tabindex=\"0\" role=\"button\">\u00a0 \u00a0 \u00a0 \u00a0 Suntem prima genera\u021bie care nu \u0219tie unde \u0219i cum a fost produs\u0103 m\u00e2ncarea din farfuria noastr\u0103.<\/p>\n<p>Scopul nostru este s\u0103 ne producem alimentele \u00eentr-un mod \u00een care s\u0103 sim\u021bim c\u0103 am dat totul, ca la final s\u0103 fim m\u00e2ndri c\u0103 ne putem hr\u0103ni familia noastr\u0103, copiii no\u0219tri, cu alimente care sunt cultivate \u00een mod responsabil, sustenabil \u0219i \u00een conformitate cu designul genial al naturii. Noi nu exploat\u0103m natura pentru beneficiile noastre, chiar dimpotriv\u0103, noi oferim timp naturii pentru regenerare.<\/p>\n<p class=\"oajrlxb2 g5ia77u1 qu0x051f esr5mh6w e9989ue4 r7d6kgcz rq0escxv nhd2j8a9 nc684nl6 p7hjln8o kvgmc6g5 cxmmr5t8 oygrvhab hcukyx3x jb3vyjys rz4wbd8a qt6c0cv9 a8nywdso i1ao9s8h esuyzwwr f1sip0of lzcic4wl gpro0wi8 oo9gr5id lrazzd5p\" style=\"text-align: left;\" tabindex=\"0\" role=\"button\">\u00a0 \u00a0 \u00a0 \u00a0 Mai pe scurt &#8211; <strong>Cre\u0219tem respect\u00e2nd natura \u0219i animalele<\/strong> &#8211; aceasta este singura \u0219ans\u0103 pentru un viitor frumos.<\/p>\n<p class=\"oajrlxb2 g5ia77u1 qu0x051f esr5mh6w e9989ue4 r7d6kgcz rq0escxv nhd2j8a9 nc684nl6 p7hjln8o kvgmc6g5 cxmmr5t8 oygrvhab hcukyx3x jb3vyjys rz4wbd8a qt6c0cv9 a8nywdso i1ao9s8h esuyzwwr f1sip0of lzcic4wl gpro0wi8 oo9gr5id lrazzd5p\" style=\"text-align: left;\" tabindex=\"0\" role=\"button\">\u00a0 \u00a0 \u00a0 \u00a0 Credem cu adev\u0103rat c\u0103 suntem sau vom deveni ceea ce m\u00e2nc\u0103m.<\/p>\n<p tabindex=\"0\" role=\"button\">\u00a0 \u00a0 \u00a0 \u00a0 Viziunea noastr\u0103 este s\u0103 producem cea mai nutritiv\u0103 \u0219i s\u0103n\u0103toas\u0103 carne de pui din Romania \u0219i nu numai.<\/p>\n<p tabindex=\"0\" role=\"button\">\u00a0 \u00a0 \u00a0 \u00a0 Prin sus\u021binerea voastr\u0103, dac\u0103 veti \u00eendr\u0103zni s\u0103 visa\u021bi \u0219i voi \u00eempreun\u0103 cu noi, \u0219ansele de reu\u0219it\u0103 vor cre\u0219te exponen\u021bial. Astfel, to\u021bi vom avea de c\u00e2\u0219tigat.<\/p>\n<p>[\/vc_column_text][\/vc_column_inner][\/vc_row_inner][\/vc_column][vc_column width=&#8221;1\/2&#8243;][vc_single_image image=&#8221;3033&#8243; img_size=&#8221;700&#215;600&#8243; alignment=&#8221;center&#8221; style=&#8221;vc_box_shadow_3d&#8221;][\/vc_column][vc_column css=&#8221;.vc_custom_1643807039059{padding-top: 50px !important;}&#8221;][\/vc_column][\/vc_row][vc_row][vc_column width=&#8221;1\/4&#8243;][\/vc_column][vc_column width=&#8221;1\/2&#8243;][vc_column_text]<\/p>\n<p style=\"text-align: left;\">\u00a0 \u00a0 \u00a0 \u00a0 \u00a0Abordarea noastr\u0103 este exact invers\u0103 fa\u021b\u0103 de cum abordeaz\u0103 sistemul industrial. Noi observ\u0103m natur\u0103 \u0219i \u00eencerc\u0103m s\u0103 o imit\u0103m, ca s\u0103 conlucr\u0103m \u00een armonie. Cu c\u00e2t observ\u0103m mai mult procesele naturii ne d\u0103m seama c\u00e2t este de minunat\u0103, dar din p\u0103cate oamenii sunt prea gr\u0103bi\u021bi s\u0103 stea s\u0103 o mai observe.<\/p>\n<p style=\"text-align: left;\">\u00a0 \u00a0 \u00a0 \u00a0 \u00a0 Am \u00eenv\u0103\u021bat c\u0103 natura este mai inteligent\u0103 dec\u00e2t noi! De asemenea, este mai inteligent\u0103 dec\u00e2t \u0219tiin\u021ba. Tot ceea ce facem este s\u0103 tragem sforile astfel \u00eenc\u00e2t natura s\u0103 poat\u0103 crea un habitat natural \u00een care animalele noastre s\u0103 prospere.<\/p>\n<p style=\"text-align: left;\">\u00a0 \u00a0 \u00a0 \u00a0 \u00a0 Pentru puii no\u0219tri crescu\u021bi pe p\u0103\u0219une, aceasta \u00eenseamn\u0103 o experien\u021b\u0103 \u00een aer liber din prima zi \u00een care au ajuns afar\u0103, pe iarb\u0103, absorbind vitamina D \u0219i scormonind p\u0103m\u00e2ntul pentru g\u00e2ndaci \u0219i viermi. Hrana suplimentar\u0103 pe care o oferim sunt cerealele. De asemenea, ea poate con\u021bine componente g\u0103site \u00een dieta natural\u0103 a puiului. P\u0103s\u0103rile noastre au posibilitatea de a se plimba \u0219i de a-\u0219i manifesta instinctele de animale \u00eentr-o zon\u0103 ierboas\u0103 \u0219i spa\u021bioas\u0103, care este rotit\u0103 zilnic pentru a acorda timp ierbii s\u0103 se regenereze \u0219i s\u0103 le ofere urm\u0103toarelor p\u0103s\u0103ri furaj ierbos proasp\u0103t de m\u00e2ncat.<\/p>\n<p>[\/vc_column_text][\/vc_column][vc_column width=&#8221;1\/4&#8243;][\/vc_column][\/vc_row][vc_row][vc_column width=&#8221;1\/4&#8243;][vc_row_inner][vc_column_inner][\/vc_column_inner][\/vc_row_inner][\/vc_column][vc_column width=&#8221;1\/2&#8243; css=&#8221;.vc_custom_1643808541386{background-color: rgba(126,168,131,0.31) !important;*background-color: rgb(126,168,131) !important;}&#8221;][vc_column_text]<\/p>\n<p style=\"text-align: left;\">\u00a0 \u00a0 \u00a0 \u00a0 \u00a0 Ast\u0103zi sistemele industriale de cre\u0219tere a puilor \u00eei for\u021beaz\u0103 s\u0103 tr\u0103iasc\u0103 \u00eentreaga lor via\u021b\u0103 \u00een cantit\u0103\u021bi mari, \u00eentr-un spa\u021biu limitat de mi\u0219care, care s-ar putea sa nu dep\u0103\u0219asc\u0103 0.5m2\/pui. Ace\u0219tia sunt crescu\u021bi f\u0103r\u0103 s\u0103 vad\u0103 vreodat\u0103 lumin\u0103 natural\u0103 a soarelui, f\u0103r\u0103 s\u0103 fi c\u0103lcat vreodat\u0103 pe iarb\u0103, f\u0103r\u0103 s\u0103 fi m\u00e2ncat vreodat\u0103 insecte \u0219i viermi\u0219ori, r\u0103pindu-li-se cel mai de pre\u021b lucru libertatea de a-\u0219i manifesta instinctele de pui de g\u0103in\u0103, de a c\u0103uta hran\u0103 prin iarb\u0103 \u0219i de a se plimba sau alerga \u00een voie pe p\u0103\u0219une. Credem c\u0103 este o mare gre\u0219eal\u0103 care atrage dup\u0103 sine o mul\u021bime de probleme pe care oamenii \u00eencearc\u0103 s\u0103 le rezolve \u00eentr-un mod artificial \u0219i nes\u0103n\u0103tos. De exemplu: prin medicamente.<\/p>\n<p style=\"text-align: left;\">\u00a0 \u00a0 \u00a0 \u00a0 \u00a0 Marea majoritate a g\u0103inilor sunt \u00eendopate cu cereale, care le \u00eengra\u0219\u0103 at\u00e2t de mult \u00eenc\u00e2t picioarele lor sunt adesea incapabile s\u0103-\u0219i sus\u021bin\u0103 greutatea, iar \u00een cele din urm\u0103, cedeaz\u0103, rup\u00e2ndu-se sub tensiunea acestei sarcini extreme.<\/p>\n<p style=\"text-align: left;\">\u00a0 \u00a0 \u00a0 \u00a0 \u00a0 Din cauza acestui fapt \u0219i a mediul de cre\u0219tere dur \u0219i artificial, cresc\u0103torii sunt nevoi\u021bi s\u0103 le injecteze adesea antibiotice care le permit s\u0103 supravie\u021buiasc\u0103 for\u021bat \u00eenc\u0103 c\u00e2teva s\u0103pt\u0103m\u00e2ni, p\u00e2n\u0103 la sacrificare. Apoi sunt procesate, ambalate \u00een pungi de plastic, v\u00e2ndute la supermarketuri \u0219i hr\u0103nite familiilor voastre. Paradoxul este faptul c\u0103 ne este v\u00e2ndut un produs bolnav, mai bine zis, agonia bolii fiind extins\u0103 prin medicamente p\u00e2n\u0103 la sacrificare, ceea ce demonstreaz\u0103 c\u0103 acest pui este foarte posibil s\u0103 nu fi fost niciodat\u0103 s\u0103n\u0103tos. \u0218ocant, nu-i a\u0219a?<\/p>\n<p>[\/vc_column_text][\/vc_column][vc_column width=&#8221;1\/4&#8243;][vc_row_inner][vc_column_inner width=&#8221;1\/6&#8243;][\/vc_column_inner][vc_column_inner width=&#8221;2\/3&#8243;][\/vc_column_inner][vc_column_inner width=&#8221;1\/6&#8243;][\/vc_column_inner][\/vc_row_inner][\/vc_column][\/vc_row][vc_row][vc_column css=&#8221;.vc_custom_1643810605161{margin-top: 50px !important;}&#8221;][\/vc_column][\/vc_row][vc_row][vc_column width=&#8221;1\/2&#8243;][vc_row_inner][vc_column_inner width=&#8221;1\/2&#8243;][\/vc_column_inner][vc_column_inner width=&#8221;1\/2&#8243; css=&#8221;.vc_custom_1648400097463{padding-top: 15px !important;}&#8221;][vc_text_separator title=&#8221;Oare p\u0103s\u0103rile certificate Organic sunt cu adev\u0103rat s\u0103n\u0103toase?&#8221;][vc_column_text]<\/p>\n<p style=\"text-align: left;\">\u00a0 \u00a0 \u00a0 \u00a0 \u00a0 Din p\u0103cate, p\u0103s\u0103rile crescute sub emblema -Organic- nu sunt mai bune. De ce? Pentru c\u0103 Organic \u00eenseamn\u0103 pur \u0219i simplu c\u0103 hrana g\u0103inilor s\u0103 fi fost certificat\u0103 de o agen\u021bie autorizat\u0103 prin care s\u0103 se demonstreze c\u0103 nu con\u021bine \u00eengr\u0103\u0219\u0103minte sau pesticide chimice neautorizate. De-a lungul timpului, lista cu substan\u021bele chimice permise a crescut de la an la an. Cu toate acestea, puii s-ar putea \u00eenc\u0103 s\u0103-\u0219i tr\u0103iasc\u0103 via\u021ba \u00een a\u0219a numitele baterii de cre\u0219tere, stivuite una peste alta, pe vertical\u0103, ei fiind nevoi\u021bi s\u0103-\u0219i fac\u0103 nevoile unii peste al\u021bii. Toate acestea duc la via\u021b\u0103 mizerabil\u0103 pentru pui\u0219ori.<\/p>\n<p>[\/vc_column_text][\/vc_column_inner][\/vc_row_inner][\/vc_column][vc_column width=&#8221;1\/2&#8243;][vc_row_inner][vc_column_inner width=&#8221;1\/2&#8243; css=&#8221;.vc_custom_1643810895316{margin-top: 100px !important;}&#8221;][vc_single_image image=&#8221;2980&#8243; img_size=&#8221;large&#8221; style=&#8221;vc_box_shadow_3d&#8221;][\/vc_column_inner][vc_column_inner width=&#8221;1\/2&#8243;][\/vc_column_inner][\/vc_row_inner][\/vc_column][vc_column][vc_row_inner][vc_column_inner width=&#8221;1\/4&#8243;][\/vc_column_inner][vc_column_inner width=&#8221;1\/2&#8243;][vc_column_text]<\/p>\n<p style=\"text-align: left;\">\u00a0 \u00a0 \u00a0 \u00a0 \u00a0 La marea majoritate a acestor pui din cutii, li se reteaz\u0103 ciocul. Acest proces implic\u0103 t\u0103ierea unei p\u0103r\u021bi din ciocul fiec\u0103rui pui. Acest lucru \u00eendeamn\u0103 puii s\u0103 recurg\u0103 la canibalism \u0219i sinucidere, simptome care apar des ca urmare a stresului generat din cauza condi\u021biilor at\u00e2t de crude de cre\u0219tere. Aceste comportamente nu sunt greu de imaginat. Puii sunt genetic proiecta\u021bi s\u0103 ciuguleasc\u0103 \u0219i s\u0103 scormoneasc\u0103 toat\u0103 via\u021ba.\u00a0 Suntem complet \u00eempotriva acestor practici \u0219i din aceste considerente ne-am \u00eencumetat s\u0103 c\u0103ut\u0103m o alternativ\u0103 s\u0103n\u0103toas\u0103, moral\u0103 \u0219i natural\u0103. Ceea ce este mai dureros este faptul c\u0103, dac\u0103 vom continua s\u0103 cump\u0103r\u0103m de la ei, atunci le oferim sprijinul nostru s\u0103 continue aceast\u0103 practic\u0103 abuziv\u0103, f\u0103c\u00e2ndu-ne indirect p\u0103rta\u0219i la aceast\u0103 nedreptate.<\/p>\n<p>[\/vc_column_text][\/vc_column_inner][vc_column_inner width=&#8221;1\/4&#8243;][\/vc_column_inner][\/vc_row_inner][\/vc_column][\/vc_row][vc_row][vc_column width=&#8221;1\/2&#8243; css=&#8221;.vc_custom_1643810672643{margin-top: 25px !important;}&#8221;][vc_row_inner][vc_column_inner width=&#8221;1\/2&#8243;][\/vc_column_inner][vc_column_inner width=&#8221;1\/2&#8243;][vc_single_image image=&#8221;2977&#8243; img_size=&#8221;large&#8221; style=&#8221;vc_box_shadow_3d&#8221;][\/vc_column_inner][\/vc_row_inner][\/vc_column][vc_column width=&#8221;1\/2&#8243; css=&#8221;.vc_custom_1643810695648{margin-top: 50px !important;}&#8221;][vc_row_inner][vc_column_inner width=&#8221;1\/2&#8243;][vc_text_separator title=&#8221;Ce p\u0103rere ave\u021bi despre g\u0103inile crescute sub emblema &#8211; Free Range? Sun\u0103 bine, nu-i a\u0219a?&#8221; border_width=&#8221;3&#8243;][vc_column_text]<\/p>\n<p style=\"text-align: left;\">\u00a0 \u00a0 \u00a0 \u00a0 \u00a0 Aceast\u0103 certificare a fost abuzat\u0103 pe o scar\u0103 larg\u0103 de \u00eentreaga comunitate de cresc\u0103tori de p\u0103s\u0103ri. Acest termen \u021bi-ar putea sugera c\u0103 p\u0103s\u0103rile au loc de explorat de jucat \u0219i de ciugulit. De fapt, a ajuns s\u0103 \u00eensemne ceva cu totul diferit.<\/p>\n<p>[\/vc_column_text][\/vc_column_inner][vc_column_inner width=&#8221;1\/2&#8243;][\/vc_column_inner][\/vc_row_inner][\/vc_column][vc_column][vc_row_inner][vc_column_inner width=&#8221;1\/4&#8243;][\/vc_column_inner][vc_column_inner width=&#8221;1\/2&#8243;][vc_column_text]<\/p>\n<p style=\"text-align: left;\">\u00a0 \u00a0 \u00a0 \u00a0 \u00a0 Am s\u0103 v\u0103 explic acum, printr-un simplu exerci\u021biu de imagina\u021bie: g\u00e2ndi\u021bi-v\u0103 la bateriile de cre\u0219tere prezentate c\u00e2teva paragrafe mai sus, apoi t\u0103ia\u021bi o mic\u0103 gaur\u0103 \u00een peretele halei de cre\u0219tere \u0219i, brusc, p\u0103s\u0103rile se pot certifica \u201eFree Range\u201d. \u00cen ciuda faptului c\u0103 p\u0103s\u0103rilor li se ofer\u0103 posibilitatea de a ie\u0219i afar\u0103 prin gaura din perete \u00een acela\u0219i loc de cre\u0219tere \u00eenconjurat de mizerie, \u00een realitate acestea nu ies niciodat\u0103 afar\u0103 pentru a se comporta ca niste g\u0103ini. Totu\u0219i ele sunt etichetate &#8220;Free Range&#8221;, deoarece au \u201eop\u021biunea\u201d de a explora.<\/p>\n<p>[\/vc_column_text][\/vc_column_inner][vc_column_inner width=&#8221;1\/4&#8243;][\/vc_column_inner][\/vc_row_inner][\/vc_column][\/vc_row][vc_row][vc_column width=&#8221;1\/2&#8243;][vc_single_image image=&#8221;3101&#8243; img_size=&#8221;500&#215;750&#8243; alignment=&#8221;right&#8221; style=&#8221;vc_box_shadow_3d&#8221;][\/vc_column][vc_column width=&#8221;1\/2&#8243; css=&#8221;.vc_custom_1643807361148{background-color: rgba(126,168,131,0.31) !important;*background-color: rgb(126,168,131) !important;}&#8221;][vc_column_text]<\/p>\n<p style=\"text-align: left;\">\u00a0 \u00a0 \u00a0 \u00a0 \u00a0 \u0218tim c\u00e2t este de dureros s\u0103 afl\u0103m aceste realit\u0103\u021bi despre industria alimenta\u021biei.<\/p>\n<p style=\"text-align: left;\">\u00a0 \u00a0 \u00a0 \u00a0 \u00a0 Dar este important s\u0103 cunoa\u0219tem cu to\u021bii la ce suntem expu\u0219i ca s\u0103 putem c\u0103uta alternative mai bune.<\/p>\n<p style=\"text-align: left;\">\u00a0 \u00a0 \u00a0 \u00a0 \u00a0 Sunt fericit deoarece oamenii devin din ce \u00een ce mai educa\u021bi. Mul\u021bi au renun\u021bat complet la consumarea carnii de pui din comer\u021b. Dup\u0103 cum s-a prezentat mai sus, etichetele \u0219i \u0219tampilele, cum ar fi cele ecologice \u0219i cele Free Range, pur \u0219i simplu nu se pot lua \u00een considerare, din p\u0103cate.<\/p>\n<p>[\/vc_column_text][vc_text_separator title=&#8221;\u0218i atunci ce-i de facut?&#8221; border_width=&#8221;3&#8243;][vc_column_text]<\/p>\n<p style=\"text-align: left;\">\u00a0 \u00a0 \u00a0 \u00a0 \u00a0 A r\u0103mas o singura solu\u021bie viabil\u0103 pe mas\u0103: s\u0103 c\u0103uta\u021bi produc\u0103tori locali, s\u0103 v\u0103 cunoa\u0219te\u021bi fermierii, s\u0103 le \u00een\u021belege\u021bi \u00eenclina\u021biile, motiva\u021biile \u0219i s\u0103 ie\u0219i\u021bi la ferm\u0103 pentru a vedea cu ochii vostri cum este cultivat\u0103 m\u00e2ncarea.<\/p>\n<p style=\"text-align: left;\">\u00a0 \u00a0 \u00a0 \u00a0 \u00a0 \u00cen Romania, aproape nu exist\u0103 variante de carne de pui crescut\u0103 natural. \u0218tim c\u00e2t este de important\u0103 leg\u0103tura bazat\u0103 pe \u00eencredere \u0219i din acest motiv, noi ca ferm\u0103, ne-am deschis u\u0219ile c\u0103tre cei care vor s\u0103 ne viziteze \u0219i s\u0103 vad\u0103 cu ochii lor cum cre\u0219tem pui\u0219orii. Ne place s\u0103 spunem c\u0103 nu ai cum s\u0103 g\u0103se\u0219ti o bucat\u0103 de carne mai gustoas\u0103 \u0219i mai fraged\u0103 ca la ferma noastr\u0103. Primii beneficiari sunt chiar familiile noastre \u0219i suntem ferici\u021bi s\u0103 servim zilnic carne care are grij\u0103 de s\u0103n\u0103tatea noastr\u0103.<\/p>\n<p style=\"text-align: left;\">\u00a0 \u00a0 \u00a0 \u00a0 \u00a0 Al\u0103tura\u021bi-v\u0103 listei noastre de coresponden\u021b\u0103 ca s\u0103 v\u0103 anun\u021b\u0103m pe m\u0103sur\u0103 ce produsele devin disponibile. V\u0103 mul\u021bumim pentru interesul fa\u021b\u0103 de Ferma PeP\u0103\u0219une care chiar face diferen\u021ba.<\/p>\n<p>[\/vc_column_text][\/vc_column][\/vc_row]<\/p>\n","protected":false},"excerpt":{"rendered":"<p>[vc_row equal_height=&#8221;yes&#8221; content_placement=&#8221;middle&#8221;][vc_column width=&#8221;1\/2&#8243;][vc_row_inner][vc_column_inner width=&#8221;1\/6&#8243;][\/vc_column_inner][vc_column_inner width=&#8221;1\/6&#8243;][\/vc_column_inner][vc_column_inner width=&#8221;1\/6&#8243;][\/vc_column_inner][vc_column_inner width=&#8221;1\/2&#8243;][vc_column_text css=&#8221;.vc_custom_1678626295385{margin-top: px !important;}&#8221;] \u00a0 \u00a0 \u00a0 \u00a0 \u00a0\u0218tii de unde provine \u0219i cum a fost produs\u0103 m\u00e2ncarea din farfuria ta? Ce calitate a vie\u021bii au avut animalele, cu ce au fost hr\u0103nite sau dac\u0103 au fost injectate? \u00a0 \u00a0 \u00a0 \u00a0 Noi credem c\u0103 este foarte important [&hellip;]<\/p>\n","protected":false},"author":1,"featured_media":0,"parent":0,"menu_order":0,"comment_status":"closed","ping_status":"closed","template":"","meta":{"_monsterinsights_skip_tracking":false,"_monsterinsights_sitenote_active":false,"_monsterinsights_sitenote_note":"","_monsterinsights_sitenote_category":0,"footnotes":""},"class_list":["post-3032","page","type-page","status-publish","hentry"],"_links":{"self":[{"href":"https:\/\/pepasune.ro\/index.php\/wp-json\/wp\/v2\/pages\/3032","targetHints":{"allow":["GET"]}}],"collection":[{"href":"https:\/\/pepasune.ro\/index.php\/wp-json\/wp\/v2\/pages"}],"about":[{"href":"https:\/\/pepasune.ro\/index.php\/wp-json\/wp\/v2\/types\/page"}],"author":[{"embeddable":true,"href":"https:\/\/pepasune.ro\/index.php\/wp-json\/wp\/v2\/users\/1"}],"replies":[{"embeddable":true,"href":"https:\/\/pepasune.ro\/index.php\/wp-json\/wp\/v2\/comments?post=3032"}],"version-history":[{"count":106,"href":"https:\/\/pepasune.ro\/index.php\/wp-json\/wp\/v2\/pages\/3032\/revisions"}],"predecessor-version":[{"id":3272,"href":"https:\/\/pepasune.ro\/index.php\/wp-json\/wp\/v2\/pages\/3032\/revisions\/3272"}],"wp:attachment":[{"href":"https:\/\/pepasune.ro\/index.php\/wp-json\/wp\/v2\/media?parent=3032"}],"curies":[{"name":"wp","href":"https:\/\/api.w.org\/{rel}","templated":true}]}}